{"id":4430,"date":"2016-04-14T12:40:22","date_gmt":"2016-04-14T10:40:22","guid":{"rendered":"https:\/\/www.en-toute-elegance.fr\/french-etiquette-training\/professional-corporate-etiquette-training\/preparation-entretien-embauche\/"},"modified":"2025-04-20T09:59:01","modified_gmt":"2025-04-20T07:59:01","slug":"preparation-entretien-embauche","status":"publish","type":"page","link":"https:\/\/www.en-toute-elegance.fr\/en\/french-etiquette-training\/professional-corporate-etiquette-training\/preparation-entretien-embauche\/","title":{"rendered":"Formation Entretien Professionnel d&#8217;Embauche"},"content":{"rendered":"\t\t<div data-elementor-type=\"wp-page\" data-elementor-id=\"4430\" class=\"elementor elementor-4430 elementor-1040\" data-elementor-post-type=\"page\">\n\t\t\t\t<div class=\"elementor-element elementor-element-5acee5e e-flex e-con-boxed e-con e-parent\" data-id=\"5acee5e\" data-element_type=\"container\" data-e-type=\"container\">\n\t\t\t\t\t<div class=\"e-con-inner\">\n\t\t<div class=\"elementor-element elementor-element-29aa95c e-con-full e-flex e-con e-child\" data-id=\"29aa95c\" data-element_type=\"container\" data-e-type=\"container\">\n\t\t\t\t<div class=\"elementor-element elementor-element-ed460f3 elementor-widget elementor-widget-heading\" data-id=\"ed460f3\" data-element_type=\"widget\" data-e-type=\"widget\" data-widget_type=\"heading.default\">\n\t\t\t\t<div class=\"elementor-widget-container\">\n\t\t\t\t\t<h1 class=\"elementor-heading-title elementor-size-default\">Preparation for a Professional Interview<br \/> with a French Compagny<\/h1>\t\t\t\t<\/div>\n\t\t\t\t<\/div>\n\t\t\t\t<\/div>\n\t\t\t\t\t<\/div>\n\t\t\t\t<\/div>\n\t\t<div class=\"elementor-element elementor-element-db75a83 e-flex e-con-boxed e-con e-parent\" data-id=\"db75a83\" data-element_type=\"container\" data-e-type=\"container\">\n\t\t\t\t\t<div class=\"e-con-inner\">\n\t\t<div class=\"elementor-element elementor-element-3b38d41 e-con-full e-flex e-con e-child\" data-id=\"3b38d41\" data-element_type=\"container\" data-e-type=\"container\">\n\t\t\t\t<div class=\"elementor-element elementor-element-546cad6 elementor-widget elementor-widget-heading\" data-id=\"546cad6\" data-element_type=\"widget\" data-e-type=\"widget\" data-widget_type=\"heading.default\">\n\t\t\t\t<div class=\"elementor-widget-container\">\n\t\t\t\t\t<h2 class=\"elementor-heading-title elementor-size-medium\">The professional interview is an essential first encounter.<\/h2>\t\t\t\t<\/div>\n\t\t\t\t<\/div>\n\t\t\t\t<div class=\"elementor-element elementor-element-dbf9216 elementor-widget elementor-widget-text-editor\" data-id=\"dbf9216\" data-element_type=\"widget\" data-e-type=\"widget\" data-widget_type=\"text-editor.default\">\n\t\t\t\t<div class=\"elementor-widget-container\">\n\t\t\t\t\t\t\t\t\t<p class=\"\" data-start=\"80\" data-end=\"227\"><strong data-start=\"80\" data-end=\"227\">Our job interview training is delivered face-to-face or via video call, giving you all the keys to the behaviours that truly make a difference.<\/strong><\/p><p class=\"\" data-start=\"229\" data-end=\"446\">Make real progress in just one hour with our job interview coaching. From your first words to the expressions to favour \u2014 and those to avoid \u2014 including posture and outfit choices, this preparation will set you apart.<\/p><p class=\"\" data-start=\"448\" data-end=\"529\">Each one-to-one session comes with a personalised advice booklet for you to keep.<\/p>\t\t\t\t\t\t\t\t<\/div>\n\t\t\t\t<\/div>\n\t\t\t\t<\/div>\n\t\t\t\t\t<\/div>\n\t\t\t\t<\/div>\n\t\t<div class=\"elementor-element elementor-element-0cae849 e-flex e-con-boxed e-con e-parent\" data-id=\"0cae849\" data-element_type=\"container\" data-e-type=\"container\">\n\t\t\t\t\t<div class=\"e-con-inner\">\n\t\t<div class=\"elementor-element elementor-element-524dcf7 e-con-full e-flex e-con e-child\" data-id=\"524dcf7\" data-element_type=\"container\" data-e-type=\"container\">\n\t\t\t\t<div class=\"elementor-element elementor-element-0dff9ea elementor-widget elementor-widget-heading\" data-id=\"0dff9ea\" data-element_type=\"widget\" data-e-type=\"widget\" data-widget_type=\"heading.default\">\n\t\t\t\t<div class=\"elementor-widget-container\">\n\t\t\t\t\t<h4 class=\"elementor-heading-title elementor-size-medium\">Request<\/h4>\t\t\t\t<\/div>\n\t\t\t\t<\/div>\n\t\t\t\t<div class=\"elementor-element elementor-element-91c6af7 elementor-widget elementor-widget-html\" data-id=\"91c6af7\" data-element_type=\"widget\" data-e-type=\"widget\" data-widget_type=\"html.default\">\n\t\t\t\t<div class=\"elementor-widget-container\">\n\t\t\t\t\t\n    <iframe\n      id=\"JotFormIFrame-250863928623364\"\n      title=\"Formulaire de validation d'e-mail\"\n      onload=\"window.parent.scrollTo(0,0)\"\n      allowtransparency=\"true\"\n      allow=\"geolocation; microphone; camera; fullscreen\"\n      src=\"https:\/\/form.jotform.com\/250863928623364\"\n      frameborder=\"0\"\n      style=\"min-width:100%;max-width:100%;height:539px;border:none;\"\n      scrolling=\"no\"\n    >\n    <\/iframe>\n    <script src='https:\/\/cdn.jotfor.ms\/s\/umd\/latest\/for-form-embed-handler.js'><\/script>\n    <script>window.jotformEmbedHandler(\"iframe[id='JotFormIFrame-250863928623364']\", \"https:\/\/form.jotform.com\/\")<\/script>\n    \t\t\t\t<\/div>\n\t\t\t\t<\/div>\n\t\t\t\t<\/div>\n\t\t\t\t\t<\/div>\n\t\t\t\t<\/div>\n\t\t\t\t<\/div>\n\t\t","protected":false},"excerpt":{"rendered":"<p>L&#8217;entretien d&#8217;embauche est un premier rendez-vous essentiel. Notre formation \u00e0 l&#8217;entretien d&#8217;embauche est r\u00e9alis\u00e9e en face \u00e0 face pour vous donner toutes les cl\u00e9s des comportements qui font la diff\u00e9rence.<\/p>\n","protected":false},"author":1,"featured_media":4149,"parent":4390,"menu_order":0,"comment_status":"closed","ping_status":"closed","template":"","meta":{"_acf_changed":false,"footnotes":""},"class_list":["post-4430","page","type-page","status-publish","has-post-thumbnail","hentry"],"acf":[],"aioseo_notices":[],"_links":{"self":[{"href":"https:\/\/www.en-toute-elegance.fr\/en\/wp-json\/wp\/v2\/pages\/4430","targetHints":{"allow":["GET"]}}],"collection":[{"href":"https:\/\/www.en-toute-elegance.fr\/en\/wp-json\/wp\/v2\/pages"}],"about":[{"href":"https:\/\/www.en-toute-elegance.fr\/en\/wp-json\/wp\/v2\/types\/page"}],"author":[{"embeddable":true,"href":"https:\/\/www.en-toute-elegance.fr\/en\/wp-json\/wp\/v2\/users\/1"}],"replies":[{"embeddable":true,"href":"https:\/\/www.en-toute-elegance.fr\/en\/wp-json\/wp\/v2\/comments?post=4430"}],"version-history":[{"count":0,"href":"https:\/\/www.en-toute-elegance.fr\/en\/wp-json\/wp\/v2\/pages\/4430\/revisions"}],"up":[{"embeddable":true,"href":"https:\/\/www.en-toute-elegance.fr\/en\/wp-json\/wp\/v2\/pages\/4390"}],"wp:featuredmedia":[{"embeddable":true,"href":"https:\/\/www.en-toute-elegance.fr\/en\/wp-json\/wp\/v2\/media\/4149"}],"wp:attachment":[{"href":"https:\/\/www.en-toute-elegance.fr\/en\/wp-json\/wp\/v2\/media?parent=4430"}],"curies":[{"name":"wp","href":"https:\/\/api.w.org\/{rel}","templated":true}]}}